{"id":11,"date":"2019-07-03T10:24:26","date_gmt":"2019-07-03T08:24:26","guid":{"rendered":"http:\/\/lstbad.free.fr\/?page_id=11"},"modified":"2025-10-31T09:11:54","modified_gmt":"2025-10-31T08:11:54","slug":"interclub","status":"publish","type":"page","link":"https:\/\/lstbad.fr\/index.php\/interclub\/","title":{"rendered":"Interclubs"},"content":{"rendered":"<div class=\"wp-block-image\">\n<figure class=\"aligncenter size-large is-resized\"><img loading=\"lazy\" decoding=\"async\" width=\"1024\" height=\"1024\" src=\"https:\/\/lstbad.fr\/wp-content\/uploads\/2023\/11\/Sonic-1024x1024.png\" alt=\"\" class=\"wp-image-3088\" style=\"width:244px;height:244px\" srcset=\"https:\/\/lstbad.fr\/wp-content\/uploads\/2023\/11\/Sonic-1024x1024.png 1024w, https:\/\/lstbad.fr\/wp-content\/uploads\/2023\/11\/Sonic-300x300.png 300w, https:\/\/lstbad.fr\/wp-content\/uploads\/2023\/11\/Sonic-150x150.png 150w, https:\/\/lstbad.fr\/wp-content\/uploads\/2023\/11\/Sonic-768x768.png 768w, https:\/\/lstbad.fr\/wp-content\/uploads\/2023\/11\/Sonic.png 1200w\" sizes=\"(max-width: 1024px) 100vw, 1024px\" \/><\/figure><\/div>\n\n\n<p>Evoluant en R2 sous le capitanat de Magalie Larrey, notre \u00e9quipe 1 a pour objectif le maintiens.<\/p>\n\n\n\n<figure class=\"wp-block-table aligncenter is-style-stripes\"><table class=\"has-background has-fixed-layout\" style=\"background-color:#e9fbe5\"><tbody><tr><td><strong>POULE D  &#8211; r\u00e9gionale 2<\/strong><\/td><\/tr><tr><td><a href=\"https:\/\/icbad.ffbad.org\/equipe\/42904\">Club Badminton Rodez (12-CBR-2)<\/a><br><a href=\"https:\/\/icbad.ffbad.org\/equipe\/58716\">Pradines Badminton (46-PB-1)<\/a><br><a href=\"https:\/\/icbad.ffbad.org\/equipe\/58715\">OLEMPS BADMINTON CLUB (12-OBAD-1)<\/a><br><a href=\"https:\/\/icbad.ffbad.org\/equipe\/58712\">Badminton Club de la Bete Du Gevaudan (48-BCBG-1)<\/a><br><a href=\"https:\/\/icbad.ffbad.org\/equipe\/58717\">Union du Badminton de l&rsquo;Agglom\u00e9ration Albigeoise (81-UBAA-2)<\/a><br><a href=\"https:\/\/icbad.ffbad.org\/equipe\/42906\">Lisle sur Tarn Badminton (81)<\/a><\/td><\/tr><\/tbody><\/table><\/figure>\n\n\n\n<h4 class=\"wp-block-heading has-text-align-center\"><a href=\"https:\/\/icbad.ffbad.org\/competition\/2501287\/tableau\/14111\" target=\"_blank\" rel=\"noreferrer noopener\">DETAILS DES RENCONTRES DE LA R2 SAISON 2025-26 SUR CE LIEN<\/a><\/h4>\n\n\n\n<p class=\"has-text-align-center\"><strong><em>Les joueurs \/ joueuses de l&rsquo;\u00e9quipe une<\/em><\/strong><\/p>\n\n\n\n<figure class=\"wp-block-table aligncenter is-style-regular\"><table class=\"has-background has-fixed-layout\" style=\"background-color:#e9fbe5\"><tbody><tr><td><strong>Les filles<\/strong><\/td><td><strong>Les gar\u00e7ons<\/strong><\/td><\/tr><tr><td>&#8211; Nina FENAYROU<br>&#8211; Magalie LARREY<br>&#8211; Marine DALLA-BETTA<br>&#8211; Tiffany ABRAHAM<br>&#8211; Vanessa BELLEC<\/td><td>&#8211; Xavier ENJALRAN<br>&#8211; Adrien GALY<br>&#8211; Maxime AUVERT<br>&#8211; Benjamin CAPPELLETO<\/td><\/tr><\/tbody><\/table><\/figure>\n\n\n\n<hr class=\"wp-block-separator has-css-opacity\"\/>\n\n\n\n<p>Nous avons \u00e9galement deux autres \u00e9quipes engag\u00e9es en d\u00e9partementale 1 et 2. La premi\u00e8re sous le capitanat de Francky Gueret.<\/p>\n\n\n\n<figure class=\"wp-block-table aligncenter is-style-stripes\"><table class=\"has-background has-fixed-layout\" style=\"background-color:#e9fbe5\"><tbody><tr><td><strong> D\u00e9partemental 1<\/strong><\/td><\/tr><tr><td><a href=\"https:\/\/icbad.ffbad.org\/equipe\/64736\">Badminton du Rabastinois (81-BDR-1)<\/a><br><a href=\"https:\/\/icbad.ffbad.org\/equipe\/64737\">Castres Badminton Club (81-CBC-2)<\/a><br><a href=\"https:\/\/icbad.ffbad.org\/equipe\/64740\">Union du Badminton de l&rsquo;Agglom\u00e9ration Albigeoise (81-UBAA-3)<\/a><br><a href=\"https:\/\/icbad.ffbad.org\/equipe\/64735\">Badminton Club Leo Lagrange (81-BCLL-1)<\/a><br><a href=\"https:\/\/icbad.ffbad.org\/equipe\/64738\">Lescure Badminton Club (81-LBC-1)<\/a><br><a href=\"https:\/\/icbad.ffbad.org\/equipe\/64739\">Lisle sur Tarn Badminton (81-LSTBAD-2)<\/a><\/td><\/tr><\/tbody><\/table><\/figure>\n\n\n\n<h4 class=\"wp-block-heading has-text-align-center\"><a href=\"https:\/\/icbad.ffbad.org\/competition\/2503795\" target=\"_blank\" rel=\"noreferrer noopener\">DETAILS DES RENCONTRES DE LA D1 SAISON 2025-26<\/a><\/h4>\n\n\n\n<p class=\"has-text-align-center\"><strong><em>Les joueurs \/ joueuses de l&rsquo;\u00e9quipe deux<\/em><\/strong><\/p>\n\n\n\n<figure class=\"wp-block-table aligncenter\"><table class=\"has-background has-fixed-layout\" style=\"background-color:#e9fbe5\"><tbody><tr><td><strong>Les filles<\/strong><\/td><td><strong>Les gar\u00e7ons<\/strong><\/td><\/tr><tr><td>&#8211; Am\u00e9lie GENUIT<br>&#8211; Isabelle GIDON<br>&#8211; Camille LIGNIERES<br>&#8211; Vanessa BELLEC<\/td><td>&#8211; Francky GUERET <br>&#8211; Bruno ROGIER<br>&#8211; Bastien CABROL<br>&#8211; Eric CHANH <\/td><\/tr><\/tbody><\/table><\/figure>\n\n\n\n<hr class=\"wp-block-separator has-alpha-channel-opacity\"\/>\n\n\n\n<p>La deuxi\u00e8me \u00e9quipe engag\u00e9e en d\u00e9partementale 2 est sous le capitanat de Am\u00e9lie Genuit .<\/p>\n\n\n\n<figure class=\"wp-block-table aligncenter is-style-stripes\"><table class=\"has-background has-fixed-layout\" style=\"background-color:#e9fbe5\"><tbody><tr><td><strong>D\u00e9partemental 2 Poule B <\/strong><\/td><\/tr><tr><td><a href=\"https:\/\/badnet.fr\/tournoi\/public?eventid=32489#\">CBC81-3<\/a><br><a href=\"https:\/\/badnet.fr\/tournoi\/public?eventid=32489#\">LSTBAD81-3<\/a><br><a href=\"https:\/\/badnet.fr\/tournoi\/public?eventid=32489#\">BLG81-1<\/a><br><a href=\"https:\/\/badnet.fr\/tournoi\/public?eventid=32489#\">UBAA81-5<\/a><\/td><\/tr><\/tbody><\/table><\/figure>\n\n\n\n<h4 class=\"wp-block-heading has-text-align-center\"><a href=\"https:\/\/badnet.fr\/tournoi\/public?eventid=32489\" target=\"_blank\" rel=\"noreferrer noopener\">DETAILS DES RENCONTRES DE LA D2 SAISON 2025-26<\/a><\/h4>\n\n\n\n<p class=\"has-text-align-center\"><strong><em>Les joueurs \/ joueuses de l&rsquo;\u00e9quipe trois<\/em><\/strong><\/p>\n\n\n\n<figure class=\"wp-block-table aligncenter\"><table class=\"has-background has-fixed-layout\" style=\"background-color:#e9fbe5\"><tbody><tr><td><strong>Les filles<\/strong><\/td><td><strong>Les gar\u00e7ons<\/strong><\/td><\/tr><tr><td>&#8211; Am\u00e9lie GENUIT<br>&#8211; Magali VERMANDE<br>&#8211; Julie ARNAUD<br>&#8211; Marion BATTUT<\/td><td>&#8211; Fabien BOULZE<br>&#8211; Samuel CALMES <br>&#8211; S\u00e9bastien SALVAGNAC<br>&#8211; Jean-Christohe FAUCHERON<br>&#8211; Jean-Marc FOISSAC<\/td><\/tr><\/tbody><\/table><\/figure>\n\n\n\n<hr class=\"wp-block-separator has-alpha-channel-opacity\"\/>\n","protected":false},"excerpt":{"rendered":"<p>Evoluant en R2 sous le capitanat de Magalie Larrey, notre \u00e9quipe 1 a pour objectif le maintiens. POULE D &#8211; r\u00e9gionale 2 Club Badminton Rodez (12-CBR-2)Pradines Badminton (46-PB-1)OLEMPS BADMINTON CLUB (12-OBAD-1)Badminton Club de la Bete Du Gevaudan (48-BCBG-1)Union du Badminton de l&rsquo;Agglom\u00e9ration Albigeoise (81-UBAA-2)Lisle sur Tarn Badminton (81) DETAILS DES RENCONTRES DE LA R2 SAISON [&hellip;]<\/p>\n","protected":false},"author":1,"featured_media":494,"parent":0,"menu_order":0,"comment_status":"closed","ping_status":"closed","template":"","meta":{"footnotes":""},"class_list":["post-11","page","type-page","status-publish","has-post-thumbnail","hentry"],"_links":{"self":[{"href":"https:\/\/lstbad.fr\/index.php\/wp-json\/wp\/v2\/pages\/11"}],"collection":[{"href":"https:\/\/lstbad.fr\/index.php\/wp-json\/wp\/v2\/pages"}],"about":[{"href":"https:\/\/lstbad.fr\/index.php\/wp-json\/wp\/v2\/types\/page"}],"author":[{"embeddable":true,"href":"https:\/\/lstbad.fr\/index.php\/wp-json\/wp\/v2\/users\/1"}],"replies":[{"embeddable":true,"href":"https:\/\/lstbad.fr\/index.php\/wp-json\/wp\/v2\/comments?post=11"}],"version-history":[{"count":14,"href":"https:\/\/lstbad.fr\/index.php\/wp-json\/wp\/v2\/pages\/11\/revisions"}],"predecessor-version":[{"id":3520,"href":"https:\/\/lstbad.fr\/index.php\/wp-json\/wp\/v2\/pages\/11\/revisions\/3520"}],"wp:featuredmedia":[{"embeddable":true,"href":"https:\/\/lstbad.fr\/index.php\/wp-json\/wp\/v2\/media\/494"}],"wp:attachment":[{"href":"https:\/\/lstbad.fr\/index.php\/wp-json\/wp\/v2\/media?parent=11"}],"curies":[{"name":"wp","href":"https:\/\/api.w.org\/{rel}","templated":true}]}}