{"id":3304,"date":"2024-08-18T06:05:00","date_gmt":"2024-08-18T04:05:00","guid":{"rendered":"https:\/\/lstbad.fr\/index.php\/2023\/08\/29\/cest-la-rentree-3\/"},"modified":"2024-08-20T09:53:34","modified_gmt":"2024-08-20T07:53:34","slug":"cest-la-rentree-3","status":"publish","type":"page","link":"https:\/\/lstbad.fr\/index.php\/cest-la-rentree-3\/","title":{"rendered":"C&rsquo;est la rentr\u00e9e !"},"content":{"rendered":"\n<hr class=\"wp-block-separator has-css-opacity\"\/>\n\n\n\n<p>Reprise ce jeudi 29 ao\u00fbt pour un cr\u00e9neau jeu libre (d\u00e8s 19h30), reprise pour nos jeunes le lundi 9 septembre (18h00). Nous vous attendons nombreux, habitu\u00e9s comme nouveaux-venus.<\/p>\n\n\n\n<p>N&rsquo;oubliez que vous pouvez faire toutes les d\u00e9marches pour vous inscrire en ligne sans passer par les laborieuses impressions papiers. Les tarifs des licences restent inchang\u00e9es cette ann\u00e9e :<\/p>\n\n\n\n<ul class=\"wp-block-list\">\n<li>Licence jeune : 110 \u20ac<\/li>\n\n\n\n<li>Licence loisir : 100 \u20ac<\/li>\n\n\n\n<li>Licence comp\u00e9titeur 130 \u20ac<\/li>\n\n\n\n<li>Double licence : 50 \u20ac<\/li>\n<\/ul>\n\n\n\n<p class=\"has-text-align-center\"><strong>Bonne rentr\u00e9e \u00e0 tous ! <\/strong><\/p>\n","protected":false},"excerpt":{"rendered":"<p>Reprise ce jeudi 29 ao\u00fbt pour un cr\u00e9neau jeu libre (d\u00e8s 19h30), reprise pour nos jeunes le lundi 9 septembre (18h00). Nous vous attendons nombreux, habitu\u00e9s comme nouveaux-venus. N&rsquo;oubliez que vous pouvez faire toutes les d\u00e9marches pour vous inscrire en ligne sans passer par les laborieuses impressions papiers. Les tarifs des licences restent inchang\u00e9es cette [&hellip;]<\/p>\n","protected":false},"author":1,"featured_media":3309,"parent":0,"menu_order":0,"comment_status":"closed","ping_status":"closed","template":"","meta":{"footnotes":""},"class_list":["post-3304","page","type-page","status-publish","has-post-thumbnail","hentry"],"_links":{"self":[{"href":"https:\/\/lstbad.fr\/index.php\/wp-json\/wp\/v2\/pages\/3304"}],"collection":[{"href":"https:\/\/lstbad.fr\/index.php\/wp-json\/wp\/v2\/pages"}],"about":[{"href":"https:\/\/lstbad.fr\/index.php\/wp-json\/wp\/v2\/types\/page"}],"author":[{"embeddable":true,"href":"https:\/\/lstbad.fr\/index.php\/wp-json\/wp\/v2\/users\/1"}],"replies":[{"embeddable":true,"href":"https:\/\/lstbad.fr\/index.php\/wp-json\/wp\/v2\/comments?post=3304"}],"version-history":[{"count":0,"href":"https:\/\/lstbad.fr\/index.php\/wp-json\/wp\/v2\/pages\/3304\/revisions"}],"wp:featuredmedia":[{"embeddable":true,"href":"https:\/\/lstbad.fr\/index.php\/wp-json\/wp\/v2\/media\/3309"}],"wp:attachment":[{"href":"https:\/\/lstbad.fr\/index.php\/wp-json\/wp\/v2\/media?parent=3304"}],"curies":[{"name":"wp","href":"https:\/\/api.w.org\/{rel}","templated":true}]}}