{"id":3342,"date":"2019-07-18T14:42:51","date_gmt":"2019-07-18T12:42:51","guid":{"rendered":"https:\/\/lstbad.fr\/?page_id=3342"},"modified":"2025-08-25T11:44:39","modified_gmt":"2025-08-25T09:44:39","slug":"tenues-volants","status":"publish","type":"page","link":"https:\/\/lstbad.fr\/index.php\/tenues-volants\/","title":{"rendered":"Nos volants"},"content":{"rendered":"\n<p><strong>Infos volants \u2013 Ruptures de stock<\/strong><br>L\u2019approvisionnement en volants devient de plus en plus compliqu\u00e9 ces derniers temps. Notre \u00e9quipe fait le maximum avec notre \u00e9quipementier pour assurer un stock suffisant pour les entra\u00eenements et les comp\u00e9titions et assurer des tarifs raisonnable face la flamb\u00e9e des prix.<\/p>\n\n\n\n<p>En raison de ruptures prolong\u00e9es, notamment sur la gamme <strong>Victor Queen<\/strong>, nous sommes contraints de changer temporairement de r\u00e9f\u00e9rence. Cela peut entra\u00eener des variations de qualit\u00e9 ou de sensation de jeu. A ce jour nous vous proposons une gamme comp\u00e9tition \u00e0 22\u20ac et une gamme entrainement \u00e0 18\u20ac et une derni\u00e8re gamme \u00e0 15\u20ac qui vient d\u2019arriver.<\/p>\n\n\n\n<p>Nous vous remercions pour votre compr\u00e9hension et restons \u00e0 l\u2019\u00e9coute pour toute remarque ou besoin particulier.<\/p>\n\n\n\n<p><strong>D\u00e9couvrez notre nouvelle gamme prochainement.<\/strong><\/p>\n\n\n\n<hr class=\"wp-block-separator has-css-opacity\"\/>\n\n\n\n<h3 class=\"wp-block-heading\"><strong>Nos volants <\/strong><\/h3>\n\n\n\n<p><strong>Young<\/strong> <\/p>\n\n\n\n<div class=\"wp-block-media-text is-stacked-on-mobile\" style=\"grid-template-columns:15% auto\"><figure class=\"wp-block-media-text__media\"><img loading=\"lazy\" decoding=\"async\" width=\"127\" height=\"300\" src=\"https:\/\/lstbad.fr\/wp-content\/uploads\/2024\/09\/youg.png\" alt=\"\" class=\"wp-image-3384 size-full\"\/><\/figure><div class=\"wp-block-media-text__content\">\n<p>Young Performance 45<\/p>\n\n\n\n<p>Destin\u00e9s \u00e0 l&rsquo;entra\u00eenement car tr\u00e8s r\u00e9sistants.  Con\u00e7us pour les joueurs de badminton qui recherchent \u00e0 la fois pr\u00e9cision et durabilit\u00e9 dans leur jeu. Ces volants offrent une excellente stabilit\u00e9 en vol gr\u00e2ce \u00e0 leur conception de haute qualit\u00e9, permettant des coups pr\u00e9cis et puissants. Id\u00e9als pour les comp\u00e9titions et les entra\u00eenements intensifs, ils assurent une performance constante, match apr\u00e8s match.<\/p>\n\n\n\n<p><strong>Lot de 12   &#8211;   Prix club : 15 \u20ac<\/strong><\/p>\n<\/div><\/div>\n\n\n\n<hr class=\"wp-block-separator has-alpha-channel-opacity\"\/>\n\n\n\n<p><strong>Forza<\/strong><\/p>\n\n\n\n<div class=\"wp-block-media-text is-stacked-on-mobile\" style=\"grid-template-columns:15% auto\"><figure class=\"wp-block-media-text__media\"><img loading=\"lazy\" decoding=\"async\" width=\"127\" height=\"300\" src=\"https:\/\/lstbad.fr\/wp-content\/uploads\/2024\/09\/forza5000-1.png\" alt=\"\" class=\"wp-image-3381 size-full\"\/><\/figure><div class=\"wp-block-media-text__content\">\n<p>Forza &#8211; S5000<\/p>\n\n\n\n<p>Une gamme plus \u00e9lev\u00e9 pour la comp\u00e9tition. <\/p>\n\n\n\n<p>Con\u00e7us pour offrir une trajectoire pr\u00e9cise et une durabilit\u00e9 exceptionnelle. Parfaits pour les joueurs exigeants en qu\u00eate de performances optimales.<\/p>\n\n\n\n<p><strong>Lot de 12   &#8211;   Prix club : 18 \u20ac<\/strong><\/p>\n<\/div><\/div>\n\n\n\n<hr class=\"wp-block-separator has-alpha-channel-opacity\"\/>\n\n\n\n<p><strong>Victor<\/strong><\/p>\n\n\n\n<div class=\"wp-block-media-text is-stacked-on-mobile\" style=\"grid-template-columns:15% auto\"><figure class=\"wp-block-media-text__media\"><img loading=\"lazy\" decoding=\"async\" width=\"127\" height=\"300\" src=\"https:\/\/lstbad.fr\/wp-content\/uploads\/2024\/09\/VictorQueen.png\" alt=\"\" class=\"wp-image-3346 size-full\"\/><\/figure><div class=\"wp-block-media-text__content\">\n<p>Victor &#8211; Queen<\/p>\n\n\n\n<p>Les plus performants, destin\u00e9s principalement \u00e0 la comp\u00e9tition.<\/p>\n\n\n\n<p>Compos\u00e9s de plumes de canard et d&rsquo;un bouchon en li\u00e8ge naturel, les volants Victor Queen vous donneront satisfaction en alliant tr\u00e8s bonne qualit\u00e9 de vol et une dur\u00e9e de vie optimale.<\/p>\n\n\n\n<p><strong>Lot de 12   &#8211;   Prix club : 22 \u20ac<\/strong><\/p>\n<\/div><\/div>\n\n\n\n<hr class=\"wp-block-separator has-alpha-channel-opacity\"\/>\n\n\n\n<p><strong>Volants Plastiques<\/strong><\/p>\n\n\n\n<div class=\"wp-block-media-text is-stacked-on-mobile\" style=\"grid-template-columns:15% auto\"><figure class=\"wp-block-media-text__media\"><img loading=\"lazy\" decoding=\"async\" width=\"90\" height=\"170\" src=\"https:\/\/lstbad.fr\/wp-content\/uploads\/2024\/09\/babolat-1.png\" alt=\"\" class=\"wp-image-3349 size-full\"\/><\/figure><div class=\"wp-block-media-text__content\">\n<p>Babolat<\/p>\n\n\n\n<p>Gratuits et disponibles dans la salle \u00e0 tous les adh\u00e9rents du clubs <\/p>\n<\/div><\/div>\n\n\n\n<hr class=\"wp-block-separator has-alpha-channel-opacity\"\/>\n\n\n\n<p class=\"has-text-align-center\"><strong>EQUIPEMENTIER<\/strong><\/p>\n\n\n<div class=\"wp-block-image\">\n<figure class=\"aligncenter size-full\"><a href=\"https:\/\/www.sportarticle.com\/fr\/\" target=\"_blank\" rel=\"noreferrer noopener\"><img loading=\"lazy\" decoding=\"async\" width=\"270\" height=\"80\" src=\"https:\/\/lstbad.fr\/wp-content\/uploads\/2024\/09\/sport-article.png\" alt=\"\" class=\"wp-image-3352\"\/><\/a><\/figure><\/div>\n\n\n<p>Nouveau partenariat cette ann\u00e9e avec <strong>Sport Article<\/strong>, tous nos adh\u00e9rents b\u00e9n\u00e9ficient d&rsquo;une <strong>r\u00e9duction de 25%<\/strong> sur l&rsquo;ensemble de leur catalogue en ligne (hors volants, balles de tennis, poteaux et accessoires et non cumulable avec d&rsquo;autres promotions, hors produits de la marque Adidas).<\/p>\n\n\n\n<p>Voici la d\u00e9marche \u00e0 suivre pour pouvoir en profiter :<\/p>\n\n\n\n<p>1. Rendez-vous sur leur site internet : <a href=\"https:\/\/www.sportarticle.com\/fr\/\">https:\/\/www.sportarticle.com\/fr\/<\/a><\/p>\n\n\n\n<p>2. Cr\u00e9ez un compte (avec l\u2019ic\u00f4ne en haut \u00e0 droite) en utilisant votre adresse e-mail, et assurez-vous d&rsquo;\u00eatre abonn\u00e9(e) \u00e0 leur newsletter pour \u00eatre \u00e9ligible \u00e0 l&rsquo;offre.&nbsp;<\/p>\n\n\n\n<p>3. Lors de la cr\u00e9ation de votre compte, vous verrez un champ pour renseigner le nom de notre club. \u00c0 l\u2019aide du menu d\u00e9roulant, choisissez \u00ab\u00a0Badminton Lisle sur Tarn\u00a0\u00bb<\/p>\n\n\n\n<p>4. Votre demande sera trait\u00e9e sous 48 heures. Vous pourrez ensuite b\u00e9n\u00e9ficier de l&rsquo;offre sur les produits cit\u00e9s plus haut.<\/p>\n","protected":false},"excerpt":{"rendered":"<p>Infos volants \u2013 Ruptures de stockL\u2019approvisionnement en volants devient de plus en plus compliqu\u00e9 ces derniers temps. Notre \u00e9quipe fait le maximum avec notre \u00e9quipementier pour assurer un stock suffisant pour les entra\u00eenements et les comp\u00e9titions et assurer des tarifs raisonnable face la flamb\u00e9e des prix. En raison de ruptures prolong\u00e9es, notamment sur la gamme [&hellip;]<\/p>\n","protected":false},"author":1,"featured_media":3466,"parent":0,"menu_order":0,"comment_status":"closed","ping_status":"closed","template":"","meta":{"footnotes":""},"class_list":["post-3342","page","type-page","status-publish","has-post-thumbnail","hentry"],"_links":{"self":[{"href":"https:\/\/lstbad.fr\/index.php\/wp-json\/wp\/v2\/pages\/3342"}],"collection":[{"href":"https:\/\/lstbad.fr\/index.php\/wp-json\/wp\/v2\/pages"}],"about":[{"href":"https:\/\/lstbad.fr\/index.php\/wp-json\/wp\/v2\/types\/page"}],"author":[{"embeddable":true,"href":"https:\/\/lstbad.fr\/index.php\/wp-json\/wp\/v2\/users\/1"}],"replies":[{"embeddable":true,"href":"https:\/\/lstbad.fr\/index.php\/wp-json\/wp\/v2\/comments?post=3342"}],"version-history":[{"count":3,"href":"https:\/\/lstbad.fr\/index.php\/wp-json\/wp\/v2\/pages\/3342\/revisions"}],"predecessor-version":[{"id":3489,"href":"https:\/\/lstbad.fr\/index.php\/wp-json\/wp\/v2\/pages\/3342\/revisions\/3489"}],"wp:featuredmedia":[{"embeddable":true,"href":"https:\/\/lstbad.fr\/index.php\/wp-json\/wp\/v2\/media\/3466"}],"wp:attachment":[{"href":"https:\/\/lstbad.fr\/index.php\/wp-json\/wp\/v2\/media?parent=3342"}],"curies":[{"name":"wp","href":"https:\/\/api.w.org\/{rel}","templated":true}]}}